{"id":688405,"date":"2025-01-17T16:39:57","date_gmt":"2025-01-17T15:39:57","guid":{"rendered":"https:\/\/adformation.fr\/?page_id=688405"},"modified":"2025-01-27T15:27:16","modified_gmt":"2025-01-27T14:27:16","slug":"a-propos","status":"publish","type":"page","link":"https:\/\/adformation.fr\/index.php\/a-propos\/","title":{"rendered":"A propos"},"content":{"rendered":"<p>[et_pb_section fb_built=\u00a0\u00bb1&Prime; custom_padding_last_edited=\u00a0\u00bbon|tablet\u00a0\u00bb _builder_version=\u00a0\u00bb4.27.4&Prime; _module_preset=\u00a0\u00bbdefault\u00a0\u00bb background_color=\u00a0\u00bb#ebeffd\u00a0\u00bb custom_padding=\u00a0\u00bb|150px|80px|150px|false|true\u00a0\u00bb custom_padding_tablet=\u00a0\u00bb|0px||0px|false|true\u00a0\u00bb custom_padding_phone=\u00a0\u00bb|0px||0px|false|true\u00a0\u00bb global_colors_info=\u00a0\u00bb{}\u00a0\u00bb][et_pb_row column_structure=\u00a0\u00bb1_2,1_2&Prime; _builder_version=\u00a0\u00bb4.27.4&Prime; _module_preset=\u00a0\u00bbdefault\u00a0\u00bb hover_enabled=\u00a0\u00bb0&Prime; global_colors_info=\u00a0\u00bb{}\u00a0\u00bb sticky_enabled=\u00a0\u00bb0&Prime;][et_pb_column type=\u00a0\u00bb1_2&Prime; _builder_version=\u00a0\u00bb4.27.0&Prime; _module_preset=\u00a0\u00bbdefault\u00a0\u00bb global_colors_info=\u00a0\u00bb{}\u00a0\u00bb][et_pb_text _builder_version=\u00a0\u00bb4.27.4&Prime; _module_preset=\u00a0\u00bbdefault\u00a0\u00bb text_text_color=\u00a0\u00bb#FFFFFF\u00a0\u00bb header_3_font=\u00a0\u00bbAtkinson Hyperlegible|700|||||||\u00a0\u00bb header_3_text_color=\u00a0\u00bb#000000&Prime; header_3_font_size=\u00a0\u00bb40px\u00a0\u00bb custom_padding=\u00a0\u00bb50px||0px||false|false\u00a0\u00bb hover_enabled=\u00a0\u00bb0&Prime; header_3_font_size_tablet=\u00a0\u00bb40px\u00a0\u00bb header_3_font_size_phone=\u00a0\u00bb35px\u00a0\u00bb header_3_font_size_last_edited=\u00a0\u00bbon|phone\u00a0\u00bb global_colors_info=\u00a0\u00bb{}\u00a0\u00bb custom_padding_last_edited=\u00a0\u00bbon|phone\u00a0\u00bb custom_padding_tablet=\u00a0\u00bb0px||0px||false|false\u00a0\u00bb sticky_enabled=\u00a0\u00bb0&Prime; custom_padding_phone=\u00a0\u00bb0px||0px||false|false\u00a0\u00bb]<\/p>\n<h3>Qui suis-je ?<\/h3>\n<p>[\/et_pb_text][et_pb_text _builder_version=\u00a0\u00bb4.27.4&Prime; _module_preset=\u00a0\u00bbdefault\u00a0\u00bb text_font=\u00a0\u00bbMontserrat||||||||\u00a0\u00bb text_text_color=\u00a0\u00bb#000000&Prime; text_font_size=\u00a0\u00bb16px\u00a0\u00bb global_colors_info=\u00a0\u00bb{}\u00a0\u00bb]<\/p>\n<p>Entrepreneur passionn\u00e9, salari\u00e9, investisseur et formateur, fort de plusieurs ann\u00e9es d&rsquo;exp\u00e9rience dans le monde professionnel, j&rsquo;ai d\u00e9velopp\u00e9 un parcours riche et diversifi\u00e9, alliant expertise, p\u00e9dagogie et esprit entrepreneurial. Je suis actuellement \u00e0 la t\u00eate de quatre soci\u00e9t\u00e9s, ce qui m&rsquo;a permis d&rsquo;acqu\u00e9rir une vision globale et strat\u00e9gique des enjeux li\u00e9s au monde des affaires et de l&rsquo;entrepreneuriat.<\/p>\n<p>Mon exp\u00e9rience en tant qu&rsquo;enseignant \u00e0 POLYTECH Lyon, o\u00f9 j&rsquo;ai enseign\u00e9 des comp\u00e9tences telles que la gestion de projet, la gestion des ressources et la conduite du changement, a renforc\u00e9 mon go\u00fbt pour la transmission de savoirs. Ces exp\u00e9riences m&rsquo;ont permis de d\u00e9velopper des approches p\u00e9dagogiques concr\u00e8tes et efficaces, adapt\u00e9es aux besoins des professionnels et des apprenants.<\/p>\n<p>[\/et_pb_text][\/et_pb_column][et_pb_column type=\u00a0\u00bb1_2&Prime; _builder_version=\u00a0\u00bb4.27.0&Prime; _module_preset=\u00a0\u00bbdefault\u00a0\u00bb global_colors_info=\u00a0\u00bb{}\u00a0\u00bb][et_pb_image src=\u00a0\u00bbhttp:\/\/adformation.fr\/wp-content\/uploads\/2025\/01\/pdp-Antoine-retouchee.jpg\u00a0\u00bb title_text=\u00a0\u00bbpdp Antoine retouche\u0301e\u00a0\u00bb _builder_version=\u00a0\u00bb4.27.4&Prime; _module_preset=\u00a0\u00bbdefault\u00a0\u00bb border_radii=\u00a0\u00bbon|5px|5px|5px|5px\u00a0\u00bb global_colors_info=\u00a0\u00bb{}\u00a0\u00bb][\/et_pb_image][\/et_pb_column][\/et_pb_row][\/et_pb_section][et_pb_section fb_built=\u00a0\u00bb1&Prime; _builder_version=\u00a0\u00bb4.27.4&Prime; _module_preset=\u00a0\u00bbdefault\u00a0\u00bb use_background_color_gradient=\u00a0\u00bbon\u00a0\u00bb background_color_gradient_stops=\u00a0\u00bbrgba(0,0,0,0) 0%|#1b1b1b 100%\u00a0\u00bb background_color_gradient_overlays_image=\u00a0\u00bbon\u00a0\u00bb background_image=\u00a0\u00bbhttp:\/\/adformation.fr\/wp-content\/uploads\/2025\/01\/banniere-bureau-ad-formation.jpg\u00a0\u00bb custom_padding=\u00a0\u00bb20px|150px|60px|150px|false|true\u00a0\u00bb hover_enabled=\u00a0\u00bb0&Prime; global_colors_info=\u00a0\u00bb{}\u00a0\u00bb custom_padding_last_edited=\u00a0\u00bbon|phone\u00a0\u00bb sticky_enabled=\u00a0\u00bb0&Prime; custom_padding_tablet=\u00a0\u00bb|10px||10px|false|true\u00a0\u00bb custom_padding_phone=\u00a0\u00bb|10px||10px|false|true\u00a0\u00bb][et_pb_row _builder_version=\u00a0\u00bb4.27.4&Prime; _module_preset=\u00a0\u00bbdefault\u00a0\u00bb global_colors_info=\u00a0\u00bb{}\u00a0\u00bb][et_pb_column type=\u00a0\u00bb4_4&Prime; _builder_version=\u00a0\u00bb4.27.4&Prime; _module_preset=\u00a0\u00bbdefault\u00a0\u00bb global_colors_info=\u00a0\u00bb{}\u00a0\u00bb][et_pb_text _builder_version=\u00a0\u00bb4.27.4&Prime; _module_preset=\u00a0\u00bbdefault\u00a0\u00bb text_text_color=\u00a0\u00bb#FFFFFF\u00a0\u00bb header_3_font=\u00a0\u00bbAtkinson Hyperlegible|700|||||||\u00a0\u00bb header_3_text_color=\u00a0\u00bb#FFFFFF\u00a0\u00bb header_3_font_size=\u00a0\u00bb40px\u00a0\u00bb custom_padding=\u00a0\u00bb50px||0px||false|false\u00a0\u00bb header_3_font_size_tablet=\u00a0\u00bb40px\u00a0\u00bb header_3_font_size_phone=\u00a0\u00bb35px\u00a0\u00bb header_3_font_size_last_edited=\u00a0\u00bbon|phone\u00a0\u00bb global_colors_info=\u00a0\u00bb{}\u00a0\u00bb]<\/p>\n<h3>Pourquoi AD Formation ?<\/h3>\n<p>[\/et_pb_text][\/et_pb_column][\/et_pb_row][et_pb_row column_structure=\u00a0\u00bb1_2,1_2&Prime; use_custom_gutter=\u00a0\u00bbon\u00a0\u00bb gutter_width=\u00a0\u00bb4&Prime; _builder_version=\u00a0\u00bb4.27.4&Prime; _module_preset=\u00a0\u00bbdefault\u00a0\u00bb global_colors_info=\u00a0\u00bb{}\u00a0\u00bb][et_pb_column type=\u00a0\u00bb1_2&Prime; _builder_version=\u00a0\u00bb4.27.4&Prime; _module_preset=\u00a0\u00bbdefault\u00a0\u00bb global_colors_info=\u00a0\u00bb{}\u00a0\u00bb][et_pb_text _builder_version=\u00a0\u00bb4.27.4&Prime; _module_preset=\u00a0\u00bbdefault\u00a0\u00bb text_font=\u00a0\u00bbMontserrat||||||||\u00a0\u00bb text_text_color=\u00a0\u00bb#FFFFFF\u00a0\u00bb text_font_size=\u00a0\u00bb16px\u00a0\u00bb text_orientation=\u00a0\u00bbjustified\u00a0\u00bb global_colors_info=\u00a0\u00bb{}\u00a0\u00bb]<\/p>\n<p>En 2021, j&rsquo;ai fond\u00e9 AD FINANCE, un centre de formation bas\u00e9 \u00e0 Lyon. Certifi\u00e9 QUALIOPI, AD FINANCE est un v\u00e9ritable acteur dans le d\u00e9veloppement des comp\u00e9tences professionnelles et entrepreneuriales. Depuis sa cr\u00e9ation, nous avons accompagn\u00e9 204 apprenants dans leur d\u00e9marche de mont\u00e9e en comp\u00e9tences et de r\u00e9ussite professionnelle. Nos formations, ax\u00e9es sur des th\u00e9matiques essentielles comme la finance des entreprises, la gestion et l&rsquo;entrepreneuriat, sont con\u00e7ues pour offrir des outils pratiques et adapt\u00e9s aux r\u00e9alit\u00e9s du march\u00e9.<\/p>\n<p>[\/et_pb_text][\/et_pb_column][et_pb_column type=\u00a0\u00bb1_2&Prime; _builder_version=\u00a0\u00bb4.27.4&Prime; _module_preset=\u00a0\u00bbdefault\u00a0\u00bb global_colors_info=\u00a0\u00bb{}\u00a0\u00bb][et_pb_text _builder_version=\u00a0\u00bb4.27.4&Prime; _module_preset=\u00a0\u00bbdefault\u00a0\u00bb text_font=\u00a0\u00bbMontserrat||||||||\u00a0\u00bb text_text_color=\u00a0\u00bb#FFFFFF\u00a0\u00bb text_font_size=\u00a0\u00bb16px\u00a0\u00bb text_orientation=\u00a0\u00bbjustified\u00a0\u00bb global_colors_info=\u00a0\u00bb{}\u00a0\u00bb]<\/p>\n<p>Anim\u00e9 par la volont\u00e9 de transmettre mes connaissances et de contribuer \u00e0 la r\u00e9ussite des autres, je m&rsquo;efforce de faire d&rsquo;AD FINANCE bien plus qu&rsquo;un centre de formation : un lieu d&rsquo;accompagnement, d&rsquo;\u00e9change et de valorisation des talents. Ma vision repose sur l&rsquo;id\u00e9e qu&rsquo;avec les bons outils et la bonne guidance, chacun peut atteindre ses objectifs professionnels et personnels.<\/p>\n<p>[\/et_pb_text][\/et_pb_column][\/et_pb_row][\/et_pb_section]<\/p>\n","protected":false},"excerpt":{"rendered":"<p>Qui suis-je ?Entrepreneur passionn\u00e9, salari\u00e9, investisseur et formateur, fort de plusieurs ann\u00e9es d&rsquo;exp\u00e9rience dans le monde professionnel, j&rsquo;ai d\u00e9velopp\u00e9 un parcours riche et diversifi\u00e9, alliant expertise, p\u00e9dagogie et esprit entrepreneurial. Je suis actuellement \u00e0 la t\u00eate de quatre soci\u00e9t\u00e9s, ce qui m&rsquo;a permis d&rsquo;acqu\u00e9rir une vision globale et strat\u00e9gique des enjeux li\u00e9s au monde des [&hellip;]<\/p>\n","protected":false},"author":1,"featured_media":0,"parent":0,"menu_order":0,"comment_status":"closed","ping_status":"closed","template":"","meta":{"_et_pb_use_builder":"on","_et_pb_old_content":"<!-- wp:divi\/placeholder \/-->","_et_gb_content_width":"","footnotes":""},"class_list":["post-688405","page","type-page","status-publish","hentry"],"_links":{"self":[{"href":"https:\/\/adformation.fr\/index.php\/wp-json\/wp\/v2\/pages\/688405","targetHints":{"allow":["GET"]}}],"collection":[{"href":"https:\/\/adformation.fr\/index.php\/wp-json\/wp\/v2\/pages"}],"about":[{"href":"https:\/\/adformation.fr\/index.php\/wp-json\/wp\/v2\/types\/page"}],"author":[{"embeddable":true,"href":"https:\/\/adformation.fr\/index.php\/wp-json\/wp\/v2\/users\/1"}],"replies":[{"embeddable":true,"href":"https:\/\/adformation.fr\/index.php\/wp-json\/wp\/v2\/comments?post=688405"}],"version-history":[{"count":8,"href":"https:\/\/adformation.fr\/index.php\/wp-json\/wp\/v2\/pages\/688405\/revisions"}],"predecessor-version":[{"id":688586,"href":"https:\/\/adformation.fr\/index.php\/wp-json\/wp\/v2\/pages\/688405\/revisions\/688586"}],"wp:attachment":[{"href":"https:\/\/adformation.fr\/index.php\/wp-json\/wp\/v2\/media?parent=688405"}],"curies":[{"name":"wp","href":"https:\/\/api.w.org\/{rel}","templated":true}]}}